{"id":1084,"date":"2022-05-02T12:31:52","date_gmt":"2022-05-02T12:31:52","guid":{"rendered":"https:\/\/fundaciomossos.cat\/proyectos\/proyectos-fomento-y-difusion-de-la-cultura-de-la-seguridad-y-la-prevencion\/"},"modified":"2022-05-26T12:17:48","modified_gmt":"2022-05-26T12:17:48","slug":"proyectos-fomento-y-difusion-de-la-cultura-de-la-seguridad-y-la-prevencion","status":"publish","type":"page","link":"https:\/\/fundaciomossos.cat\/es\/proyectos\/proyectos-fomento-y-difusion-de-la-cultura-de-la-seguridad-y-la-prevencion\/","title":{"rendered":"PROYECTOS FOMENTO Y DIFUSI\u00d3N DE LA CULTURA DE LA SEGURIDAD Y LA PREVENCI\u00d3N"},"content":{"rendered":"\t\t<div data-elementor-type=\"wp-page\" data-elementor-id=\"1084\" class=\"elementor elementor-1084 elementor-263\" data-elementor-post-type=\"page\">\n\t\t\t\t\t\t<section class=\"elementor-section elementor-top-section elementor-element elementor-element-a49dc24 elementor-section-boxed elementor-section-height-default elementor-section-height-default\" data-id=\"a49dc24\" data-element_type=\"section\" data-e-type=\"section\" data-settings=\"{&quot;background_background&quot;:&quot;classic&quot;}\">\n\t\t\t\t\t\t<div class=\"elementor-container elementor-column-gap-default\">\n\t\t\t\t\t<div class=\"elementor-column elementor-col-100 elementor-top-column elementor-element elementor-element-284ff2c\" data-id=\"284ff2c\" data-element_type=\"column\" data-e-type=\"column\">\n\t\t\t<div class=\"elementor-widget-wrap elementor-element-populated\">\n\t\t\t\t\t\t<div class=\"elementor-element elementor-element-84d0ead elementor-widget elementor-widget-heading\" data-id=\"84d0ead\" data-element_type=\"widget\" data-e-type=\"widget\" data-widget_type=\"heading.default\">\n\t\t\t\t<div class=\"elementor-widget-container\">\n\t\t\t\t\t<h2 class=\"elementor-heading-title elementor-size-default\">PROMOCI\u00d3N DE LA CULTURA DE LA SEGURIDAD Y LA PREVENCI\u00d3N<\/h2>\t\t\t\t<\/div>\n\t\t\t\t<\/div>\n\t\t\t\t\t<\/div>\n\t\t<\/div>\n\t\t\t\t\t<\/div>\n\t\t<\/section>\n\t\t\t\t<section class=\"elementor-section elementor-top-section elementor-element elementor-element-f814036 elementor-section-full_width elementor-section-height-default elementor-section-height-default\" data-id=\"f814036\" data-element_type=\"section\" data-e-type=\"section\">\n\t\t\t\t\t\t<div class=\"elementor-container elementor-column-gap-default\">\n\t\t\t\t\t<div class=\"elementor-column elementor-col-100 elementor-top-column elementor-element elementor-element-aeb408f\" data-id=\"aeb408f\" data-element_type=\"column\" data-e-type=\"column\">\n\t\t\t<div class=\"elementor-widget-wrap elementor-element-populated\">\n\t\t\t\t\t\t<div class=\"elementor-element elementor-element-c9e5580 elementor-widget elementor-widget-spacer\" data-id=\"c9e5580\" data-element_type=\"widget\" data-e-type=\"widget\" data-widget_type=\"spacer.default\">\n\t\t\t\t<div class=\"elementor-widget-container\">\n\t\t\t\t\t\t\t<div class=\"elementor-spacer\">\n\t\t\t<div class=\"elementor-spacer-inner\"><\/div>\n\t\t<\/div>\n\t\t\t\t\t\t<\/div>\n\t\t\t\t<\/div>\n\t\t\t\t<div class=\"elementor-element elementor-element-cddd451 elementor-widget elementor-widget-image\" data-id=\"cddd451\" data-element_type=\"widget\" data-e-type=\"widget\" data-widget_type=\"image.default\">\n\t\t\t\t<div class=\"elementor-widget-container\">\n\t\t\t\t\t\t\t\t\t\t\t\t\t\t\t<img fetchpriority=\"high\" decoding=\"async\" width=\"396\" height=\"392\" src=\"https:\/\/fundaciomossos.cat\/wp-content\/uploads\/2022\/05\/Recurso-112.png\" class=\"attachment-large size-large wp-image-996\" alt=\"\" srcset=\"https:\/\/fundaciomossos.cat\/wp-content\/uploads\/2022\/05\/Recurso-112.png 396w, https:\/\/fundaciomossos.cat\/wp-content\/uploads\/2022\/05\/Recurso-112-100x100.png 100w, https:\/\/fundaciomossos.cat\/wp-content\/uploads\/2022\/05\/Recurso-112-300x297.png 300w\" sizes=\"(max-width: 396px) 100vw, 396px\" \/>\t\t\t\t\t\t\t\t\t\t\t\t\t\t\t<\/div>\n\t\t\t\t<\/div>\n\t\t\t\t\t<\/div>\n\t\t<\/div>\n\t\t\t\t\t<\/div>\n\t\t<\/section>\n\t\t\t\t<section class=\"elementor-section elementor-top-section elementor-element elementor-element-bf55b68 elementor-section-boxed elementor-section-height-default elementor-section-height-default\" data-id=\"bf55b68\" data-element_type=\"section\" data-e-type=\"section\">\n\t\t\t\t\t\t<div class=\"elementor-container elementor-column-gap-default\">\n\t\t\t\t\t<div class=\"elementor-column elementor-col-100 elementor-top-column elementor-element elementor-element-8c76394\" data-id=\"8c76394\" data-element_type=\"column\" data-e-type=\"column\">\n\t\t\t<div class=\"elementor-widget-wrap elementor-element-populated\">\n\t\t\t\t\t\t<div class=\"elementor-element elementor-element-2a70be2 elementor-widget elementor-widget-text-editor\" data-id=\"2a70be2\" data-element_type=\"widget\" data-e-type=\"widget\" data-widget_type=\"text-editor.default\">\n\t\t\t\t<div class=\"elementor-widget-container\">\n\t\t\t\t\t\t\t\t\t<p class=\"p1\">Desde una perspectiva m\u00e1s global, esta fundaci\u00f3n se ocupar\u00e1 tambi\u00e9n de la promoci\u00f3n y divulgaci\u00f3n de la cultura de la prevenci\u00f3n y la seguridad. Cuando hablamos de cultura de la seguridad nos referimos a los valores, actitudes, percepciones, capacidades y patrones de conducta individuales y grupales que determinan el compromiso, el estilo y la profesionalidad referida a la gesti\u00f3n del riesgo y la mejora de la seguridad de las personas .<\/p>\t\t\t\t\t\t\t\t<\/div>\n\t\t\t\t<\/div>\n\t\t\t\t<div class=\"elementor-element elementor-element-68248ba elementor-widget elementor-widget-heading\" data-id=\"68248ba\" data-element_type=\"widget\" data-e-type=\"widget\" data-widget_type=\"heading.default\">\n\t\t\t\t<div class=\"elementor-widget-container\">\n\t\t\t\t\t<h2 class=\"elementor-heading-title elementor-size-default\">Objetivo general<\/h2>\t\t\t\t<\/div>\n\t\t\t\t<\/div>\n\t\t\t\t<div class=\"elementor-element elementor-element-89215ea elementor-widget elementor-widget-text-editor\" data-id=\"89215ea\" data-element_type=\"widget\" data-e-type=\"widget\" data-widget_type=\"text-editor.default\">\n\t\t\t\t<div class=\"elementor-widget-container\">\n\t\t\t\t\t\t\t\t\t<p class=\"p1\">Fomentar la corresponsabilizaci\u00f3n del conjunto de la sociedad en materia de seguridad.<\/p>\t\t\t\t\t\t\t\t<\/div>\n\t\t\t\t<\/div>\n\t\t\t\t<div class=\"elementor-element elementor-element-85f4010 elementor-widget elementor-widget-heading\" data-id=\"85f4010\" data-element_type=\"widget\" data-e-type=\"widget\" data-widget_type=\"heading.default\">\n\t\t\t\t<div class=\"elementor-widget-container\">\n\t\t\t\t\t<h2 class=\"elementor-heading-title elementor-size-default\">Objetivos espec\u00edficos<\/h2>\t\t\t\t<\/div>\n\t\t\t\t<\/div>\n\t\t\t\t<div class=\"elementor-element elementor-element-0fd65f7 elementor-widget elementor-widget-text-editor\" data-id=\"0fd65f7\" data-element_type=\"widget\" data-e-type=\"widget\" data-widget_type=\"text-editor.default\">\n\t\t\t\t<div class=\"elementor-widget-container\">\n\t\t\t\t\t\t\t\t\t<p class=\"p1\">1. Promover la organizaci\u00f3n de eventos (jornadas, congresos, exposiciones, publicaciones, &#8230;) orientados a compartir la experiencia y el conocimiento del cuerpo en diferentes \u00e1mbitos de la sociedad para contribuir a la corresponsabilizaci\u00f3n del conjunto de la sociedad en materia de seguridad.<\/p><p class=\"p1\">2. Favorecer la creaci\u00f3n de una red de conocimiento que promueva el civismo y la convivencia y contribuya a la gesti\u00f3n alternativa del conflicto.<\/p><p class=\"p1\">3. Promover y colaborar la cultura de la seguridad y la prevenci\u00f3n en el \u00e1mbito profesional.<\/p>\t\t\t\t\t\t\t\t<\/div>\n\t\t\t\t<\/div>\n\t\t\t\t<div class=\"elementor-element elementor-element-501dc78 elementor-widget elementor-widget-spacer\" data-id=\"501dc78\" data-element_type=\"widget\" data-e-type=\"widget\" data-widget_type=\"spacer.default\">\n\t\t\t\t<div class=\"elementor-widget-container\">\n\t\t\t\t\t\t\t<div class=\"elementor-spacer\">\n\t\t\t<div class=\"elementor-spacer-inner\"><\/div>\n\t\t<\/div>\n\t\t\t\t\t\t<\/div>\n\t\t\t\t<\/div>\n\t\t\t\t<div class=\"elementor-element elementor-element-eacf378 elementor-widget elementor-widget-heading\" data-id=\"eacf378\" data-element_type=\"widget\" data-e-type=\"widget\" data-widget_type=\"heading.default\">\n\t\t\t\t<div class=\"elementor-widget-container\">\n\t\t\t\t\t<h2 class=\"elementor-heading-title elementor-size-default\">Ver otros proyectos<\/h2>\t\t\t\t<\/div>\n\t\t\t\t<\/div>\n\t\t\t\t\t<\/div>\n\t\t<\/div>\n\t\t\t\t\t<\/div>\n\t\t<\/section>\n\t\t\t\t<section class=\"elementor-section elementor-top-section elementor-element elementor-element-02a9593 elementor-section-boxed elementor-section-height-default elementor-section-height-default\" data-id=\"02a9593\" data-element_type=\"section\" data-e-type=\"section\">\n\t\t\t\t\t\t<div class=\"elementor-container elementor-column-gap-wide\">\n\t\t\t\t\t<div class=\"elementor-column elementor-col-33 elementor-top-column elementor-element elementor-element-9cc9f9d\" data-id=\"9cc9f9d\" data-element_type=\"column\" data-e-type=\"column\">\n\t\t\t<div class=\"elementor-widget-wrap elementor-element-populated\">\n\t\t\t\t\t\t<div class=\"elementor-element elementor-element-4aab0c7 elementor-widget elementor-widget-image\" data-id=\"4aab0c7\" data-element_type=\"widget\" data-e-type=\"widget\" data-widget_type=\"image.default\">\n\t\t\t\t<div class=\"elementor-widget-container\">\n\t\t\t\t\t\t\t\t\t\t\t\t\t\t\t\t<a href=\"https:\/\/fundaciomossos.cat\/es\/proyectos\/proyectos-de-proteccion-social-de-los-miembros-de-cuerpo-y-sus-familiares-directos\/\">\n\t\t\t\t\t\t\t<img decoding=\"async\" width=\"800\" height=\"327\" src=\"https:\/\/fundaciomossos.cat\/wp-content\/uploads\/2022\/05\/Recurso-3caste-cme-2.png\" class=\"attachment-large size-large wp-image-1415\" alt=\"\" srcset=\"https:\/\/fundaciomossos.cat\/wp-content\/uploads\/2022\/05\/Recurso-3caste-cme-2.png 861w, https:\/\/fundaciomossos.cat\/wp-content\/uploads\/2022\/05\/Recurso-3caste-cme-2-600x245.png 600w, https:\/\/fundaciomossos.cat\/wp-content\/uploads\/2022\/05\/Recurso-3caste-cme-2-300x123.png 300w, https:\/\/fundaciomossos.cat\/wp-content\/uploads\/2022\/05\/Recurso-3caste-cme-2-768x314.png 768w\" sizes=\"(max-width: 800px) 100vw, 800px\" \/>\t\t\t\t\t\t\t\t<\/a>\n\t\t\t\t\t\t\t\t\t\t\t\t\t\t\t<\/div>\n\t\t\t\t<\/div>\n\t\t\t\t\t<\/div>\n\t\t<\/div>\n\t\t\t\t<div class=\"elementor-column elementor-col-33 elementor-top-column elementor-element elementor-element-aee6946\" data-id=\"aee6946\" data-element_type=\"column\" data-e-type=\"column\">\n\t\t\t<div class=\"elementor-widget-wrap elementor-element-populated\">\n\t\t\t\t\t\t<div class=\"elementor-element elementor-element-67cef48 elementor-widget elementor-widget-image\" data-id=\"67cef48\" data-element_type=\"widget\" data-e-type=\"widget\" data-widget_type=\"image.default\">\n\t\t\t\t<div class=\"elementor-widget-container\">\n\t\t\t\t\t\t\t\t\t\t\t\t\t\t\t\t<a href=\"https:\/\/fundaciomossos.cat\/es\/proyectos\/proyectos-para-fomentar-el-sentimiento-de-pertenencia-y-prestigio-social-del-cuerpo\/\">\n\t\t\t\t\t\t\t<img decoding=\"async\" width=\"800\" height=\"328\" src=\"https:\/\/fundaciomossos.cat\/wp-content\/uploads\/2022\/05\/Recurso-31.png\" class=\"attachment-large size-large wp-image-1157\" alt=\"\" srcset=\"https:\/\/fundaciomossos.cat\/wp-content\/uploads\/2022\/05\/Recurso-31.png 862w, https:\/\/fundaciomossos.cat\/wp-content\/uploads\/2022\/05\/Recurso-31-600x246.png 600w, https:\/\/fundaciomossos.cat\/wp-content\/uploads\/2022\/05\/Recurso-31-300x123.png 300w, https:\/\/fundaciomossos.cat\/wp-content\/uploads\/2022\/05\/Recurso-31-768x315.png 768w\" sizes=\"(max-width: 800px) 100vw, 800px\" \/>\t\t\t\t\t\t\t\t<\/a>\n\t\t\t\t\t\t\t\t\t\t\t\t\t\t\t<\/div>\n\t\t\t\t<\/div>\n\t\t\t\t\t<\/div>\n\t\t<\/div>\n\t\t\t\t<div class=\"elementor-column elementor-col-33 elementor-top-column elementor-element elementor-element-1e1a1a5\" data-id=\"1e1a1a5\" data-element_type=\"column\" data-e-type=\"column\">\n\t\t\t<div class=\"elementor-widget-wrap elementor-element-populated\">\n\t\t\t\t\t\t<div class=\"elementor-element elementor-element-aa01105 elementor-widget elementor-widget-image\" data-id=\"aa01105\" data-element_type=\"widget\" data-e-type=\"widget\" data-widget_type=\"image.default\">\n\t\t\t\t<div class=\"elementor-widget-container\">\n\t\t\t\t\t\t\t\t\t\t\t\t\t\t\t\t<a href=\"https:\/\/fundaciomossos.cat\/es\/proyectos\/proyectos-para-el-mantenimiento-y-la-divulgacion-de-la-memoria-historica-del-cuerpo\/\">\n\t\t\t\t\t\t\t<img loading=\"lazy\" decoding=\"async\" width=\"800\" height=\"327\" src=\"https:\/\/fundaciomossos.cat\/wp-content\/uploads\/2022\/05\/Recurso-41.png\" class=\"attachment-large size-large wp-image-1159\" alt=\"\" srcset=\"https:\/\/fundaciomossos.cat\/wp-content\/uploads\/2022\/05\/Recurso-41.png 862w, https:\/\/fundaciomossos.cat\/wp-content\/uploads\/2022\/05\/Recurso-41-600x245.png 600w, https:\/\/fundaciomossos.cat\/wp-content\/uploads\/2022\/05\/Recurso-41-300x123.png 300w, https:\/\/fundaciomossos.cat\/wp-content\/uploads\/2022\/05\/Recurso-41-768x314.png 768w\" sizes=\"(max-width: 800px) 100vw, 800px\" \/>\t\t\t\t\t\t\t\t<\/a>\n\t\t\t\t\t\t\t\t\t\t\t\t\t\t\t<\/div>\n\t\t\t\t<\/div>\n\t\t\t\t\t<\/div>\n\t\t<\/div>\n\t\t\t\t\t<\/div>\n\t\t<\/section>\n\t\t\t\t<section class=\"elementor-section elementor-top-section elementor-element elementor-element-d308c9e elementor-section-full_width elementor-section-height-default elementor-section-height-default\" data-id=\"d308c9e\" data-element_type=\"section\" data-e-type=\"section\">\n\t\t\t\t\t\t<div class=\"elementor-container elementor-column-gap-default\">\n\t\t\t\t\t<div class=\"elementor-column elementor-col-100 elementor-top-column elementor-element elementor-element-e5e3e3c\" data-id=\"e5e3e3c\" data-element_type=\"column\" data-e-type=\"column\">\n\t\t\t<div class=\"elementor-widget-wrap elementor-element-populated\">\n\t\t\t\t\t\t<div class=\"elementor-element elementor-element-0ed33b4 elementor-widget elementor-widget-spacer\" data-id=\"0ed33b4\" data-element_type=\"widget\" data-e-type=\"widget\" data-widget_type=\"spacer.default\">\n\t\t\t\t<div class=\"elementor-widget-container\">\n\t\t\t\t\t\t\t<div class=\"elementor-spacer\">\n\t\t\t<div class=\"elementor-spacer-inner\"><\/div>\n\t\t<\/div>\n\t\t\t\t\t\t<\/div>\n\t\t\t\t<\/div>\n\t\t\t\t<div class=\"elementor-element elementor-element-b0dc58b elementor-align-center elementor-widget elementor-widget-button\" data-id=\"b0dc58b\" data-element_type=\"widget\" data-e-type=\"widget\" data-widget_type=\"button.default\">\n\t\t\t\t<div class=\"elementor-widget-container\">\n\t\t\t\t\t\t\t\t\t<div class=\"elementor-button-wrapper\">\n\t\t\t\t\t<a class=\"elementor-button elementor-button-link elementor-size-lg\" href=\"https:\/\/fundaciomossos.cat\/es\/colabora\/\">\n\t\t\t\t\t\t<span class=\"elementor-button-content-wrapper\">\n\t\t\t\t\t\t\t\t\t<span class=\"elementor-button-text\">HAZ AQU\u00cd TU DONACI\u00d3N<\/span>\n\t\t\t\t\t<\/span>\n\t\t\t\t\t<\/a>\n\t\t\t\t<\/div>\n\t\t\t\t\t\t\t\t<\/div>\n\t\t\t\t<\/div>\n\t\t\t\t<div class=\"elementor-element elementor-element-4d82719 elementor-widget elementor-widget-text-editor\" data-id=\"4d82719\" data-element_type=\"widget\" data-e-type=\"widget\" data-widget_type=\"text-editor.default\">\n\t\t\t\t<div class=\"elementor-widget-container\">\n\t\t\t\t\t\t\t\t\t<p style=\"text-align: center;\"><a href=\"https:\/\/fundaciomossos.cat\/es\/la-fundacio\/\"><span style=\"text-decoration: underline; color: #003366;\">Quiero saber m\u00e1s sobre la fundaci\u00f3<\/span><\/a><\/p>\t\t\t\t\t\t\t\t<\/div>\n\t\t\t\t<\/div>\n\t\t\t\t<div class=\"elementor-element elementor-element-d47a52e elementor-widget elementor-widget-spacer\" data-id=\"d47a52e\" data-element_type=\"widget\" data-e-type=\"widget\" data-widget_type=\"spacer.default\">\n\t\t\t\t<div class=\"elementor-widget-container\">\n\t\t\t\t\t\t\t<div class=\"elementor-spacer\">\n\t\t\t<div class=\"elementor-spacer-inner\"><\/div>\n\t\t<\/div>\n\t\t\t\t\t\t<\/div>\n\t\t\t\t<\/div>\n\t\t\t\t\t<\/div>\n\t\t<\/div>\n\t\t\t\t\t<\/div>\n\t\t<\/section>\n\t\t\t\t<\/div>\n\t\t","protected":false},"excerpt":{"rendered":"<p>PROMOCI\u00d3N DE LA CULTURA DE LA SEGURIDAD Y LA PREVENCI\u00d3N Desde una perspectiva m\u00e1s global, esta fundaci\u00f3n se ocupar\u00e1 tambi\u00e9n de la promoci\u00f3n y divulgaci\u00f3n de la cultura de la prevenci\u00f3n y la seguridad. Cuando hablamos de cultura de la seguridad nos referimos a los valores, actitudes, percepciones, capacidades y patrones de conducta individuales y [&hellip;]<\/p>\n","protected":false},"author":2,"featured_media":0,"parent":1078,"menu_order":0,"comment_status":"closed","ping_status":"closed","template":"","meta":{"footnotes":""},"class_list":["post-1084","page","type-page","status-publish","hentry"],"yoast_head":"<!-- This site is optimized with the Yoast SEO plugin v27.3 - https:\/\/yoast.com\/product\/yoast-seo-wordpress\/ -->\n<title>PROYECTOS FOMENTO Y DIFUSI\u00d3N DE LA CULTURA DE LA SEGURIDAD Y LA PREVENCI\u00d3N - Fundacio Mossos d&#039;Esquadra<\/title>\n<meta name=\"robots\" content=\"index, follow, max-snippet:-1, max-image-preview:large, max-video-preview:-1\" \/>\n<link rel=\"canonical\" href=\"https:\/\/fundaciomossos.cat\/es\/proyectos\/proyectos-fomento-y-difusion-de-la-cultura-de-la-seguridad-y-la-prevencion\/\" \/>\n<meta property=\"og:locale\" content=\"es_ES\" \/>\n<meta property=\"og:type\" content=\"article\" \/>\n<meta property=\"og:title\" content=\"PROYECTOS FOMENTO Y DIFUSI\u00d3N DE LA CULTURA DE LA SEGURIDAD Y LA PREVENCI\u00d3N - Fundacio Mossos d&#039;Esquadra\" \/>\n<meta property=\"og:description\" content=\"PROMOCI\u00d3N DE LA CULTURA DE LA SEGURIDAD Y LA PREVENCI\u00d3N Desde una perspectiva m\u00e1s global, esta fundaci\u00f3n se ocupar\u00e1 tambi\u00e9n de la promoci\u00f3n y divulgaci\u00f3n de la cultura de la prevenci\u00f3n y la seguridad. Cuando hablamos de cultura de la seguridad nos referimos a los valores, actitudes, percepciones, capacidades y patrones de conducta individuales y [&hellip;]\" \/>\n<meta property=\"og:url\" content=\"https:\/\/fundaciomossos.cat\/es\/proyectos\/proyectos-fomento-y-difusion-de-la-cultura-de-la-seguridad-y-la-prevencion\/\" \/>\n<meta property=\"og:site_name\" content=\"Fundacio Mossos d&#039;Esquadra\" \/>\n<meta property=\"article:modified_time\" content=\"2022-05-26T12:17:48+00:00\" \/>\n<meta property=\"og:image\" content=\"https:\/\/fundaciomossos.cat\/wp-content\/uploads\/2022\/05\/Recurso-112.png\" \/>\n<meta name=\"twitter:card\" content=\"summary_large_image\" \/>\n<meta name=\"twitter:label1\" content=\"Est. reading time\" \/>\n\t<meta name=\"twitter:data1\" content=\"2 minutes\" \/>\n<script type=\"application\/ld+json\" class=\"yoast-schema-graph\">{\"@context\":\"https:\\\/\\\/schema.org\",\"@graph\":[{\"@type\":\"WebPage\",\"@id\":\"https:\\\/\\\/fundaciomossos.cat\\\/es\\\/proyectos\\\/proyectos-fomento-y-difusion-de-la-cultura-de-la-seguridad-y-la-prevencion\\\/\",\"url\":\"https:\\\/\\\/fundaciomossos.cat\\\/es\\\/proyectos\\\/proyectos-fomento-y-difusion-de-la-cultura-de-la-seguridad-y-la-prevencion\\\/\",\"name\":\"PROYECTOS FOMENTO Y DIFUSI\u00d3N DE LA CULTURA DE LA SEGURIDAD Y LA PREVENCI\u00d3N - Fundacio Mossos d&#039;Esquadra\",\"isPartOf\":{\"@id\":\"https:\\\/\\\/fundaciomossos.cat\\\/es\\\/#website\"},\"primaryImageOfPage\":{\"@id\":\"https:\\\/\\\/fundaciomossos.cat\\\/es\\\/proyectos\\\/proyectos-fomento-y-difusion-de-la-cultura-de-la-seguridad-y-la-prevencion\\\/#primaryimage\"},\"image\":{\"@id\":\"https:\\\/\\\/fundaciomossos.cat\\\/es\\\/proyectos\\\/proyectos-fomento-y-difusion-de-la-cultura-de-la-seguridad-y-la-prevencion\\\/#primaryimage\"},\"thumbnailUrl\":\"https:\\\/\\\/fundaciomossos.cat\\\/wp-content\\\/uploads\\\/2022\\\/05\\\/Recurso-112.png\",\"datePublished\":\"2022-05-02T12:31:52+00:00\",\"dateModified\":\"2022-05-26T12:17:48+00:00\",\"breadcrumb\":{\"@id\":\"https:\\\/\\\/fundaciomossos.cat\\\/es\\\/proyectos\\\/proyectos-fomento-y-difusion-de-la-cultura-de-la-seguridad-y-la-prevencion\\\/#breadcrumb\"},\"inLanguage\":\"es\",\"potentialAction\":[{\"@type\":\"ReadAction\",\"target\":[\"https:\\\/\\\/fundaciomossos.cat\\\/es\\\/proyectos\\\/proyectos-fomento-y-difusion-de-la-cultura-de-la-seguridad-y-la-prevencion\\\/\"]}]},{\"@type\":\"ImageObject\",\"inLanguage\":\"es\",\"@id\":\"https:\\\/\\\/fundaciomossos.cat\\\/es\\\/proyectos\\\/proyectos-fomento-y-difusion-de-la-cultura-de-la-seguridad-y-la-prevencion\\\/#primaryimage\",\"url\":\"https:\\\/\\\/fundaciomossos.cat\\\/wp-content\\\/uploads\\\/2022\\\/05\\\/Recurso-112.png\",\"contentUrl\":\"https:\\\/\\\/fundaciomossos.cat\\\/wp-content\\\/uploads\\\/2022\\\/05\\\/Recurso-112.png\"},{\"@type\":\"BreadcrumbList\",\"@id\":\"https:\\\/\\\/fundaciomossos.cat\\\/es\\\/proyectos\\\/proyectos-fomento-y-difusion-de-la-cultura-de-la-seguridad-y-la-prevencion\\\/#breadcrumb\",\"itemListElement\":[{\"@type\":\"ListItem\",\"position\":1,\"name\":\"Portada\",\"item\":\"https:\\\/\\\/fundaciomossos.cat\\\/es\\\/\"},{\"@type\":\"ListItem\",\"position\":2,\"name\":\"PROYECTOS\",\"item\":\"https:\\\/\\\/fundaciomossos.cat\\\/es\\\/projectes\\\/\"},{\"@type\":\"ListItem\",\"position\":3,\"name\":\"PROYECTOS FOMENTO Y DIFUSI\u00d3N DE LA CULTURA DE LA SEGURIDAD Y LA PREVENCI\u00d3N\"}]},{\"@type\":\"WebSite\",\"@id\":\"https:\\\/\\\/fundaciomossos.cat\\\/es\\\/#website\",\"url\":\"https:\\\/\\\/fundaciomossos.cat\\\/es\\\/\",\"name\":\"Fundacio Mossos d&#039;Esquadra\",\"description\":\"Accions que humanitzen l&#039;organitzaci\u00f3 policial\",\"potentialAction\":[{\"@type\":\"SearchAction\",\"target\":{\"@type\":\"EntryPoint\",\"urlTemplate\":\"https:\\\/\\\/fundaciomossos.cat\\\/es\\\/?s={search_term_string}\"},\"query-input\":{\"@type\":\"PropertyValueSpecification\",\"valueRequired\":true,\"valueName\":\"search_term_string\"}}],\"inLanguage\":\"es\"}]}<\/script>\n<!-- \/ Yoast SEO plugin. -->","yoast_head_json":{"title":"PROYECTOS FOMENTO Y DIFUSI\u00d3N DE LA CULTURA DE LA SEGURIDAD Y LA PREVENCI\u00d3N - Fundacio Mossos d&#039;Esquadra","robots":{"index":"index","follow":"follow","max-snippet":"max-snippet:-1","max-image-preview":"max-image-preview:large","max-video-preview":"max-video-preview:-1"},"canonical":"https:\/\/fundaciomossos.cat\/es\/proyectos\/proyectos-fomento-y-difusion-de-la-cultura-de-la-seguridad-y-la-prevencion\/","og_locale":"es_ES","og_type":"article","og_title":"PROYECTOS FOMENTO Y DIFUSI\u00d3N DE LA CULTURA DE LA SEGURIDAD Y LA PREVENCI\u00d3N - Fundacio Mossos d&#039;Esquadra","og_description":"PROMOCI\u00d3N DE LA CULTURA DE LA SEGURIDAD Y LA PREVENCI\u00d3N Desde una perspectiva m\u00e1s global, esta fundaci\u00f3n se ocupar\u00e1 tambi\u00e9n de la promoci\u00f3n y divulgaci\u00f3n de la cultura de la prevenci\u00f3n y la seguridad. Cuando hablamos de cultura de la seguridad nos referimos a los valores, actitudes, percepciones, capacidades y patrones de conducta individuales y [&hellip;]","og_url":"https:\/\/fundaciomossos.cat\/es\/proyectos\/proyectos-fomento-y-difusion-de-la-cultura-de-la-seguridad-y-la-prevencion\/","og_site_name":"Fundacio Mossos d&#039;Esquadra","article_modified_time":"2022-05-26T12:17:48+00:00","og_image":[{"url":"https:\/\/fundaciomossos.cat\/wp-content\/uploads\/2022\/05\/Recurso-112.png","type":"","width":"","height":""}],"twitter_card":"summary_large_image","twitter_misc":{"Est. reading time":"2 minutes"},"schema":{"@context":"https:\/\/schema.org","@graph":[{"@type":"WebPage","@id":"https:\/\/fundaciomossos.cat\/es\/proyectos\/proyectos-fomento-y-difusion-de-la-cultura-de-la-seguridad-y-la-prevencion\/","url":"https:\/\/fundaciomossos.cat\/es\/proyectos\/proyectos-fomento-y-difusion-de-la-cultura-de-la-seguridad-y-la-prevencion\/","name":"PROYECTOS FOMENTO Y DIFUSI\u00d3N DE LA CULTURA DE LA SEGURIDAD Y LA PREVENCI\u00d3N - Fundacio Mossos d&#039;Esquadra","isPartOf":{"@id":"https:\/\/fundaciomossos.cat\/es\/#website"},"primaryImageOfPage":{"@id":"https:\/\/fundaciomossos.cat\/es\/proyectos\/proyectos-fomento-y-difusion-de-la-cultura-de-la-seguridad-y-la-prevencion\/#primaryimage"},"image":{"@id":"https:\/\/fundaciomossos.cat\/es\/proyectos\/proyectos-fomento-y-difusion-de-la-cultura-de-la-seguridad-y-la-prevencion\/#primaryimage"},"thumbnailUrl":"https:\/\/fundaciomossos.cat\/wp-content\/uploads\/2022\/05\/Recurso-112.png","datePublished":"2022-05-02T12:31:52+00:00","dateModified":"2022-05-26T12:17:48+00:00","breadcrumb":{"@id":"https:\/\/fundaciomossos.cat\/es\/proyectos\/proyectos-fomento-y-difusion-de-la-cultura-de-la-seguridad-y-la-prevencion\/#breadcrumb"},"inLanguage":"es","potentialAction":[{"@type":"ReadAction","target":["https:\/\/fundaciomossos.cat\/es\/proyectos\/proyectos-fomento-y-difusion-de-la-cultura-de-la-seguridad-y-la-prevencion\/"]}]},{"@type":"ImageObject","inLanguage":"es","@id":"https:\/\/fundaciomossos.cat\/es\/proyectos\/proyectos-fomento-y-difusion-de-la-cultura-de-la-seguridad-y-la-prevencion\/#primaryimage","url":"https:\/\/fundaciomossos.cat\/wp-content\/uploads\/2022\/05\/Recurso-112.png","contentUrl":"https:\/\/fundaciomossos.cat\/wp-content\/uploads\/2022\/05\/Recurso-112.png"},{"@type":"BreadcrumbList","@id":"https:\/\/fundaciomossos.cat\/es\/proyectos\/proyectos-fomento-y-difusion-de-la-cultura-de-la-seguridad-y-la-prevencion\/#breadcrumb","itemListElement":[{"@type":"ListItem","position":1,"name":"Portada","item":"https:\/\/fundaciomossos.cat\/es\/"},{"@type":"ListItem","position":2,"name":"PROYECTOS","item":"https:\/\/fundaciomossos.cat\/es\/projectes\/"},{"@type":"ListItem","position":3,"name":"PROYECTOS FOMENTO Y DIFUSI\u00d3N DE LA CULTURA DE LA SEGURIDAD Y LA PREVENCI\u00d3N"}]},{"@type":"WebSite","@id":"https:\/\/fundaciomossos.cat\/es\/#website","url":"https:\/\/fundaciomossos.cat\/es\/","name":"Fundacio Mossos d&#039;Esquadra","description":"Accions que humanitzen l&#039;organitzaci\u00f3 policial","potentialAction":[{"@type":"SearchAction","target":{"@type":"EntryPoint","urlTemplate":"https:\/\/fundaciomossos.cat\/es\/?s={search_term_string}"},"query-input":{"@type":"PropertyValueSpecification","valueRequired":true,"valueName":"search_term_string"}}],"inLanguage":"es"}]}},"_links":{"self":[{"href":"https:\/\/fundaciomossos.cat\/es\/wp-json\/wp\/v2\/pages\/1084","targetHints":{"allow":["GET"]}}],"collection":[{"href":"https:\/\/fundaciomossos.cat\/es\/wp-json\/wp\/v2\/pages"}],"about":[{"href":"https:\/\/fundaciomossos.cat\/es\/wp-json\/wp\/v2\/types\/page"}],"author":[{"embeddable":true,"href":"https:\/\/fundaciomossos.cat\/es\/wp-json\/wp\/v2\/users\/2"}],"replies":[{"embeddable":true,"href":"https:\/\/fundaciomossos.cat\/es\/wp-json\/wp\/v2\/comments?post=1084"}],"version-history":[{"count":0,"href":"https:\/\/fundaciomossos.cat\/es\/wp-json\/wp\/v2\/pages\/1084\/revisions"}],"up":[{"embeddable":true,"href":"https:\/\/fundaciomossos.cat\/es\/wp-json\/wp\/v2\/pages\/1078"}],"wp:attachment":[{"href":"https:\/\/fundaciomossos.cat\/es\/wp-json\/wp\/v2\/media?parent=1084"}],"curies":[{"name":"wp","href":"https:\/\/api.w.org\/{rel}","templated":true}]}}